{"id":55,"date":"2014-04-27T12:19:39","date_gmt":"2014-04-27T12:19:39","guid":{"rendered":"https:\/\/www.taxidermia.cl\/sitio\/?page_id=55"},"modified":"2014-05-29T20:49:37","modified_gmt":"2014-05-29T20:49:37","slug":"embalsamar","status":"publish","type":"page","link":"https:\/\/www.taxidermia.cl\/sitio\/embalsamar\/","title":{"rendered":"Embalsamar"},"content":{"rendered":"<p>&nbsp;<\/p>\n<p><a href=\"https:\/\/www.taxidermia.cl\/sitio\/wp-content\/uploads\/2014\/04\/curiosas_antiguedades_29.jpg\"><img fetchpriority=\"high\" decoding=\"async\" class=\" wp-image-87 aligncenter\" src=\"https:\/\/www.taxidermia.cl\/sitio\/wp-content\/uploads\/2014\/04\/curiosas_antiguedades_29.jpg\" alt=\"curiosas_antiguedades_29\" width=\"511\" height=\"383\" srcset=\"https:\/\/www.taxidermia.cl\/sitio\/wp-content\/uploads\/2014\/04\/curiosas_antiguedades_29.jpg 644w, https:\/\/www.taxidermia.cl\/sitio\/wp-content\/uploads\/2014\/04\/curiosas_antiguedades_29-300x225.jpg 300w\" sizes=\"(max-width: 511px) 100vw, 511px\" \/><\/a><\/p>\n<p>&nbsp;<\/p>\n<p>Diferencia entre la TAXIDERMIA y EMBALSAMAR.<\/p>\n<p>TAXIDERMIA es el arte de conservar los animales muertos con la apariencia de vida, lo cual es muy distinto a la t\u00e9cnica de embalsamar.<\/p>\n<p>Es un arte como puede serlo la escultura o la pintura. Es ciencia, y es esencial para los museos y\u00a0 las Ciencias Naturales adem\u00e1s es muy importantes para el \u00e1rea pedag\u00f3gica universidades y colegios\u00a0 y muy usada antiguamente para decorar inmuebles. Actualmente es una\u00a0 nueva concepci\u00f3n de la decoraci\u00f3n moderna.\u00a0 Se puede encontrar en hoteles, restaurantes, casa particulares y decoraciones\u00a0 varias. Tambi\u00e9n son utilizados para obras de teatro, cortometrajes y pel\u00edculas.<\/p>\n<p>La base fundamental del arte de la taxidermia es la escultura realizando un cuerpo artificial de poliuretano id\u00e9ntico al original recreando la musculatura \u00a0y forma interna una vez \u00a0terminado\u00a0 se procede al montaje de la piel sobre el mismo \u00a0recreando con especial cuidado\u00a0 las expresiones y rasgos faciales para que cobre nueva vida. Las partes blandas constituidas por m\u00fasculos y tendones son desechadas por su potencial de putrefacci\u00f3n.<\/p>\n<p>Al Embalsamar, a diferencia del sistema anterior, se busca la conservaci\u00f3n total del cuerpo utilizando procedimientos qu\u00edmicos especiales como resina o b\u00e1lsamos qu\u00edmicos cuyo objetivo\u00a0 es evitar la descomposici\u00f3n e integridad de los cad\u00e1veres. Las referencias m\u00e1s antiguas de la pr\u00e1ctica se remontan al antiguo Egipto; sin embargo, se ha descrito que la preservaci\u00f3n de los cad\u00e1veres tambi\u00e9n se acostumbraba entre las culturas sudamericanas \u2014particularmente en el caso de la cultura Chinchorro, en el norte de Chile, la primera del mundo en momificar artificialmente a sus muertos, y tambi\u00e9n entre los incas en Per\u00fa\u2014 mediante diversos procesos y t\u00e9cnicas diferentes a las egipcias.<\/p>\n<p>&nbsp;<\/p>\n<p>Embalsamar y Taxidermia son dos cosas muy distinta con resultados similares al corto plazo pero\u00a0 muy distinto en el tiempo.<\/p>\n","protected":false},"excerpt":{"rendered":"<p>&nbsp; &nbsp; Diferencia entre la TAXIDERMIA y EMBALSAMAR. TAXIDERMIA es el arte de conservar los animales muertos con la apariencia de vida, lo cual es muy distinto a la t\u00e9cnica de embalsamar. Es un arte como puede serlo la escultura o la pintura. Es ciencia, y es esencial para los museos y\u00a0 las Ciencias Naturales adem\u00e1s es muy importantes para el \u00e1rea pedag\u00f3gica universidades y colegios\u00a0 y muy usada antiguamente para decorar inmuebles. Actualmente es una\u00a0 nueva concepci\u00f3n de la decoraci\u00f3n moderna.\u00a0 Se puede encontrar en hoteles, restaurantes, casa particulares y decoraciones\u00a0 varias. Tambi\u00e9n son utilizados para obras de teatro, cortometrajes y pel\u00edculas. La base fundamental del arte de la taxidermia es la escultura realizando un cuerpo artificial de poliuretano id\u00e9ntico al original recreando la musculatura \u00a0y forma interna una vez \u00a0terminado\u00a0 se procede al montaje de la piel sobre el mismo \u00a0recreando con especial cuidado\u00a0 las expresiones y rasgos faciales para que cobre nueva vida. Las partes blandas constituidas por m\u00fasculos y tendones son desechadas por su potencial de putrefacci\u00f3n. Al Embalsamar, a diferencia del sistema anterior, se busca la conservaci\u00f3n total del cuerpo utilizando procedimientos qu\u00edmicos especiales como resina o b\u00e1lsamos qu\u00edmicos cuyo objetivo\u00a0 es evitar la descomposici\u00f3n e integridad de los cad\u00e1veres. Las referencias m\u00e1s antiguas de la pr\u00e1ctica se remontan al antiguo Egipto; sin embargo, se ha descrito que la preservaci\u00f3n de los cad\u00e1veres tambi\u00e9n se acostumbraba entre las culturas sudamericanas \u2014particularmente en el caso de la cultura Chinchorro, en el norte de Chile, la primera del mundo en momificar artificialmente a sus muertos, y tambi\u00e9n entre los incas en Per\u00fa\u2014 mediante diversos procesos y t\u00e9cnicas diferentes a las egipcias. &nbsp; Embalsamar y Taxidermia son dos cosas muy distinta con resultados similares al corto plazo pero\u00a0 muy distinto en el tiempo.<\/p>\n","protected":false},"author":1,"featured_media":0,"parent":0,"menu_order":0,"comment_status":"open","ping_status":"open","template":"","meta":{"footnotes":""},"class_list":["post-55","page","type-page","status-publish","hentry","entry"],"_links":{"self":[{"href":"https:\/\/www.taxidermia.cl\/sitio\/wp-json\/wp\/v2\/pages\/55","targetHints":{"allow":["GET"]}}],"collection":[{"href":"https:\/\/www.taxidermia.cl\/sitio\/wp-json\/wp\/v2\/pages"}],"about":[{"href":"https:\/\/www.taxidermia.cl\/sitio\/wp-json\/wp\/v2\/types\/page"}],"author":[{"embeddable":true,"href":"https:\/\/www.taxidermia.cl\/sitio\/wp-json\/wp\/v2\/users\/1"}],"replies":[{"embeddable":true,"href":"https:\/\/www.taxidermia.cl\/sitio\/wp-json\/wp\/v2\/comments?post=55"}],"version-history":[{"count":3,"href":"https:\/\/www.taxidermia.cl\/sitio\/wp-json\/wp\/v2\/pages\/55\/revisions"}],"predecessor-version":[{"id":120,"href":"https:\/\/www.taxidermia.cl\/sitio\/wp-json\/wp\/v2\/pages\/55\/revisions\/120"}],"wp:attachment":[{"href":"https:\/\/www.taxidermia.cl\/sitio\/wp-json\/wp\/v2\/media?parent=55"}],"curies":[{"name":"wp","href":"https:\/\/api.w.org\/{rel}","templated":true}]}}